{"id":908,"date":"2018-08-30T14:36:36","date_gmt":"2018-08-30T17:36:36","guid":{"rendered":"https:\/\/ischajari-ers.infd.edu.ar\/sitio\/autoridades\/"},"modified":"2022-08-19T20:24:01","modified_gmt":"2022-08-19T23:24:01","slug":"autoridades","status":"publish","type":"page","link":"https:\/\/ischajari-ers.infd.edu.ar\/sitio\/autoridades\/","title":{"rendered":"Autoridades"},"content":{"rendered":"\n<div class=\"wp-block-columns is-layout-flex wp-container-2\">\n<div class=\"wp-block-column is-layout-flow\" style=\"flex-basis:100%\">\n<table class=\"table table-striped\">\n<tbody>\n<tr>\n<td class=\"text-center\"><strong>Rector\u00eda<\/strong><\/td>\n<\/tr>\n<tr>\n<td class=\"text-center\">\n<p>Prof. Marisela Vanesa Panozzo<\/p>\n<\/td>\n<\/tr>\n<tr>\n<td class=\"text-center\"><strong>Secretar\u00eda<\/strong><\/td>\n<\/tr>\n<tr>\n<td class=\"text-center\">\n<p>Prof. Ana Paula Stivanello<\/p>\n<\/td>\n<\/tr>\n<tr>\n<td class=\"text-center\"><strong>Secretar\u00eda Acad\u00e9mica<\/strong><\/td>\n<\/tr>\n<tr>\n<td class=\"text-center\">\n<p>Prof. Cristela Rosaura&nbsp; Acevedo Mi\u00f1o<\/p>\n<p><\/p>\n<\/td>\n<\/tr>\n<tr>\n<td class=\"text-center\"><strong>Preceptor\u00eda<\/strong><\/td>\n<\/tr>\n<tr>\n<td class=\"text-center\">Prof. Mario Alejandro Baltieri&nbsp;<\/td>\n<\/tr>\n<tr>\n<td class=\"text-center\"><strong>Administraci\u00f3n<\/strong><\/td>\n<\/tr>\n<tr>\n<td class=\"text-center\">&nbsp;Silvia Anal\u00eda L\u00f3pez<\/td>\n<\/tr>\n<tr>\n<td class=\"text-center\"><strong>Coordinaci\u00f3n Pr\u00e1ctica Profesional<\/strong><\/td>\n<\/tr>\n<tr>\n<td class=\"text-center\">Prof. Ver\u00f3nica Lescano<\/td>\n<\/tr>\n<tr>\n<td class=\"text-center\"><strong>Referente T\u00e9cnico Institucional<\/strong><\/td>\n<\/tr>\n<tr>\n<td class=\"text-center\">Lic. Elio Alexis Blanco<\/td>\n<\/tr>\n<\/tbody>\n<\/table>\n<\/div>\n<\/div>\n\n\n\n<p><\/p>\n","protected":false},"excerpt":{"rendered":"<p>Rector\u00eda Prof. Marisela Vanesa Panozzo Secretar\u00eda Prof. Ana Paula Stivanello Secretar\u00eda Acad\u00e9mica Prof. Cristela Rosaura&nbsp; Acevedo Mi\u00f1o Preceptor\u00eda Prof. Mario Alejandro Baltieri&nbsp; Administraci\u00f3n &nbsp;Silvia Anal\u00eda L\u00f3pez Coordinaci\u00f3n Pr\u00e1ctica Profesional Prof. Ver\u00f3nica Lescano Referente T\u00e9cnico Institucional Lic. Elio Alexis Blanco<\/p>\n","protected":false},"author":66,"featured_media":0,"parent":0,"menu_order":0,"comment_status":"closed","ping_status":"closed","template":"","meta":[],"acf":[],"_links":{"self":[{"href":"https:\/\/ischajari-ers.infd.edu.ar\/sitio\/wp-json\/wp\/v2\/pages\/908"}],"collection":[{"href":"https:\/\/ischajari-ers.infd.edu.ar\/sitio\/wp-json\/wp\/v2\/pages"}],"about":[{"href":"https:\/\/ischajari-ers.infd.edu.ar\/sitio\/wp-json\/wp\/v2\/types\/page"}],"author":[{"embeddable":true,"href":"https:\/\/ischajari-ers.infd.edu.ar\/sitio\/wp-json\/wp\/v2\/users\/66"}],"replies":[{"embeddable":true,"href":"https:\/\/ischajari-ers.infd.edu.ar\/sitio\/wp-json\/wp\/v2\/comments?post=908"}],"version-history":[{"count":22,"href":"https:\/\/ischajari-ers.infd.edu.ar\/sitio\/wp-json\/wp\/v2\/pages\/908\/revisions"}],"predecessor-version":[{"id":2307,"href":"https:\/\/ischajari-ers.infd.edu.ar\/sitio\/wp-json\/wp\/v2\/pages\/908\/revisions\/2307"}],"wp:attachment":[{"href":"https:\/\/ischajari-ers.infd.edu.ar\/sitio\/wp-json\/wp\/v2\/media?parent=908"}],"curies":[{"name":"wp","href":"https:\/\/api.w.org\/{rel}","templated":true}]}}