{"id":2984,"date":"2025-08-20T18:47:16","date_gmt":"2025-08-20T21:47:16","guid":{"rendered":"https:\/\/ischajari-ers.infd.edu.ar\/sitio\/?page_id=2984"},"modified":"2026-02-18T18:31:52","modified_gmt":"2026-02-18T21:31:52","slug":"plan-de-estudios-tecnicatura-superior-en-enfermeria","status":"publish","type":"page","link":"https:\/\/ischajari-ers.infd.edu.ar\/sitio\/plan-de-estudios-tecnicatura-superior-en-enfermeria\/","title":{"rendered":"Plan de Estudios Tecnicatura Superior en Enfermer\u00eda"},"content":{"rendered":"\n<h4 class=\"wp-block-heading\">Tecnicatura Superior en Enfermer\u00eda<a rel=\"noreferrer noopener\" href=\"https:\/\/ischajari-ers.infd.edu.ar\/sitio\/wp-content\/uploads\/2026\/02\/Resolucion_4388-17_CGE.pdf\" target=\"_blank\"> (Resoluci\u00f3n 4388\/17 CGE)<\/a> <img decoding=\"async\" loading=\"lazy\" width=\"35\" height=\"35\" src=\"https:\/\/ischajari-ers.infd.edu.ar\/sitio\/wp-content\/uploads\/2019\/05\/5023fbf29c.png\" alt=\"\"><\/h4>\n\n\n\n<table class=\"table table-bordered\" style=\"width: 100%; border-collapse: collapse; border: #1f3bff 1px solid;\">\n  <thead>\n    <!-- PRIMER A\u00d1O -->\n    <tr>\n      <th style=\"border: #1f3bff 2px solid; background: #4c62ff; text-align: left; padding: 10px; font-weight: bold;\" colspan=\"4\">PRIMER A\u00d1O<\/th>\n    <\/tr>\n    <tr>\n      <th style=\"border: #1f3bff 1px solid; text-align: center; width: 5%;\">N\u00b0<\/th>\n      <th style=\"border: #1f3bff 1px solid; text-align: left; width: 35%;\">C\u00e1tedra<\/th>\n      <th style=\"border: #1f3bff 1px solid; text-align: center; width: 30%;\">Regular para cursar<\/th>\n      <th style=\"border: #1f3bff 1px solid; text-align: center; width: 30%;\">Aprobada para rendir<\/th>\n    <\/tr>\n  <\/thead>\n  <tbody>\n    <tr>\n      <td style=\"border: #1f3bff 0.1px solid; text-align: center;\">1<\/td>\n      <td style=\"border: #1f3bff 0.1px solid;\">Introducci\u00f3n y fundamentos de los cuidados de enfermer\u00eda<\/td>\n      <td style=\"border: #1f3bff 0.1px solid; text-align: center;\">&#8211;<\/td>\n      <td style=\"border: #1f3bff 0.1px solid; text-align: center;\">&#8211;<\/td>\n    <\/tr>\n    <tr>\n      <td style=\"border: #1f3bff 0.1px solid; text-align: center;\">2<\/td>\n      <td style=\"border: #1f3bff 0.1px solid;\">Anatom\u00eda y fisiolog\u00eda<\/td>\n      <td style=\"border: #1f3bff 0.1px solid; text-align: center;\">&#8211;<\/td>\n      <td style=\"border: #1f3bff 0.1px solid; text-align: center;\">&#8211;<\/td>\n    <\/tr>\n    <tr>\n      <td style=\"border: #1f3bff 0.1px solid; text-align: center;\">3<\/td>\n      <td style=\"border: #1f3bff 0.1px solid;\">Bioqu\u00edmica<\/td>\n      <td style=\"border: #1f3bff 0.1px solid; text-align: center;\">&#8211;<\/td>\n      <td style=\"border: #1f3bff 0.1px solid; text-align: center;\">&#8211;<\/td>\n    <\/tr>\n    <tr>\n      <td style=\"border: #1f3bff 0.1px solid; text-align: center;\">4<\/td>\n      <td style=\"border: #1f3bff 0.1px solid;\">Biof\u00edsica<\/td>\n      <td style=\"border: #1f3bff 0.1px solid; text-align: center;\">&#8211;<\/td>\n      <td style=\"border: #1f3bff 0.1px solid; text-align: center;\">&#8211;<\/td>\n    <\/tr>\n    <tr>\n      <td style=\"border: #1f3bff 0.1px solid; text-align: center;\">5<\/td>\n      <td style=\"border: #1f3bff 0.1px solid;\">Bio\u00e9tica y deontolog\u00eda<\/td>\n      <td style=\"border: #1f3bff 0.1px solid; text-align: center;\">&#8211;<\/td>\n      <td style=\"border: #1f3bff 0.1px solid; text-align: center;\">&#8211;<\/td>\n    <\/tr>\n    <tr>\n      <td style=\"border: #1f3bff 0.1px solid; text-align: center;\">6<\/td>\n      <td style=\"border: #1f3bff 0.1px solid;\">Metodolog\u00eda de la investigaci\u00f3n<\/td>\n      <td style=\"border: #1f3bff 0.1px solid; text-align: center;\">&#8211;<\/td>\n      <td style=\"border: #1f3bff 0.1px solid; text-align: center;\">&#8211;<\/td>\n    <\/tr>\n    <tr>\n      <td style=\"border: #1f3bff 0.1px solid; text-align: center;\">7<\/td>\n      <td style=\"border: #1f3bff 0.1px solid;\">Salud p\u00fablica<\/td>\n      <td style=\"border: #1f3bff 0.1px solid; text-align: center;\">&#8211;<\/td>\n      <td style=\"border: #1f3bff 0.1px solid; text-align: center;\">&#8211;<\/td>\n    <\/tr>\n    <tr>\n      <td style=\"border: #1f3bff 0.1px solid; text-align: center;\">8<\/td>\n      <td style=\"border: #1f3bff 0.1px solid;\">Farmacolog\u00eda I<\/td>\n      <td style=\"border: #1f3bff 0.1px solid; text-align: center;\">&#8211;<\/td>\n      <td style=\"border: #1f3bff 0.1px solid; text-align: center;\">&#8211;<\/td>\n    <\/tr>\n    <tr>\n      <td style=\"border: #1f3bff 0.1px solid; text-align: center;\">9<\/td>\n      <td style=\"border: #1f3bff 0.1px solid;\">Conocimiento de la realidad social en el contexto global<\/td>\n      <td style=\"border: #1f3bff 0.1px solid; text-align: center;\">&#8211;<\/td>\n      <td style=\"border: #1f3bff 0.1px solid; text-align: center;\">&#8211;<\/td>\n    <\/tr>\n    <tr>\n      <td style=\"border: #1f3bff 0.1px solid; text-align: center;\">10<\/td>\n      <td style=\"border: #1f3bff 0.1px solid;\">Microbiolog\u00eda y parasitolog\u00eda<\/td>\n      <td style=\"border: #1f3bff 0.1px solid; text-align: center;\">&#8211;<\/td>\n      <td style=\"border: #1f3bff 0.1px solid; text-align: center;\">&#8211;<\/td>\n    <\/tr>\n    <tr>\n      <td style=\"border: #1f3bff 0.1px solid; text-align: center;\">11<\/td>\n      <td style=\"border: #1f3bff 0.1px solid;\">Primeros auxilios<\/td>\n      <td style=\"border: #1f3bff 0.1px solid; text-align: center;\">&#8211;<\/td>\n      <td style=\"border: #1f3bff 0.1px solid; text-align: center;\">&#8211;<\/td>\n    <\/tr>\n    <tr>\n      <td style=\"border: #1f3bff 0.1px solid; text-align: center;\">12<\/td>\n      <td style=\"border: #1f3bff 0.1px solid;\">Pr\u00e1cticas profesionalizantes<\/td>\n      <td style=\"border: #1f3bff 0.1px solid; text-align: center;\">&#8211;<\/td>\n      <td style=\"border: #1f3bff 0.1px solid; text-align: center;\">&#8211;<\/td>\n    <\/tr>\n\n    <!-- SEGUNDO A\u00d1O -->\n    <tr>\n      <th style=\"border: #1f3bff 2px solid; background: #4c62ff;  text-align: left; padding: 10px; font-weight: bold;\" colspan=\"4\">SEGUNDO A\u00d1O<\/th>\n    <\/tr>\n    <tr>\n      <th style=\"border: #1f3bff 1px solid; text-align: center;\">N\u00b0<\/th>\n      <th style=\"border: #1f3bff 1px solid; text-align: left;\">C\u00e1tedra<\/th>\n      <th style=\"border: #1f3bff 1px solid; text-align: center;\">Regular para cursar<\/th>\n      <th style=\"border: #1f3bff 1px solid; text-align: center;\">Aprobada para rendir<\/th>\n    <\/tr>\n    <tr>\n      <td style=\"border: #1f3bff 0.1px solid; text-align: center;\">13<\/td>\n      <td style=\"border: #1f3bff 0.1px solid;\">Cuidados de enfermer\u00eda del adulto y del anciano<\/td>\n      <td style=\"border: #1f3bff 0.1px solid; font-size: 0.9em;\">\n        Introducci\u00f3n y fundamentos de los cuidados de enfermer\u00eda<br>\n        Anatom\u00eda y fisiolog\u00eda<br>\n        Farmacolog\u00eda I<br>\n        Pr\u00e1cticas profesionalizantes\n      <\/td>\n      <td style=\"border: #1f3bff 0.1px solid; font-size: 0.9em;\">Pr\u00e1cticas profesionalizantes<\/td>\n    <\/tr>\n    <tr>\n      <td style=\"border: #1f3bff 0.1px solid; text-align: center;\">14<\/td>\n      <td style=\"border: #1f3bff 0.1px solid;\">Enfermer\u00eda en salud mental y psiquiatr\u00eda<\/td>\n      <td style=\"border: #1f3bff 0.1px solid; font-size: 0.9em;\">\n        Introducci\u00f3n y fundamentos de los cuidados de enfermer\u00eda<br>\n        Pr\u00e1cticas profesionalizantes\n      <\/td>\n      <td style=\"border: #1f3bff 0.1px solid; font-size: 0.9em;\">Pr\u00e1cticas profesionalizantes<\/td>\n    <\/tr>\n    <tr>\n      <td style=\"border: #1f3bff 0.1px solid; text-align: center;\">15<\/td>\n      <td style=\"border: #1f3bff 0.1px solid;\">Aspectos psicosociales y culturales del desarrollo<\/td>\n      <td style=\"border: #1f3bff 0.1px solid; text-align: center;\"><\/td>\n      <td style=\"border: #1f3bff 0.1px solid; text-align: center;\"><\/td>\n    <\/tr>\n    <tr>\n      <td style=\"border: #1f3bff 0.1px solid; text-align: center;\">16<\/td>\n      <td style=\"border: #1f3bff 0.1px solid;\">Proceso social aplicado en el contexto de salud<\/td>\n      <td style=\"border: #1f3bff 0.1px solid; text-align: center;\"><\/td>\n      <td style=\"border: #1f3bff 0.1px solid; text-align: center;\"><\/td>\n    <\/tr>\n    <tr>\n      <td style=\"border: #1f3bff 0.1px solid; text-align: center;\">17<\/td>\n      <td style=\"border: #1f3bff 0.1px solid;\">Metodolog\u00eda de la investigaci\u00f3n II<\/td>\n      <td style=\"border: #1f3bff 0.1px solid; font-size: 0.9em;\">Metodolog\u00eda de la investigaci\u00f3n<\/td>\n      <td style=\"border: #1f3bff 0.1px solid; font-size: 0.9em;\">Metodolog\u00eda de la investigaci\u00f3n<\/td>\n    <\/tr>\n    <tr>\n      <td style=\"border: #1f3bff 0.1px solid; text-align: center;\">18<\/td>\n      <td style=\"border: #1f3bff 0.1px solid;\">Alimentaci\u00f3n, nutrici\u00f3n y dietoterapia<\/td>\n      <td style=\"border: #1f3bff 0.1px solid; text-align: center;\"><\/td>\n      <td style=\"border: #1f3bff 0.1px solid; font-size: 0.9em;\">\n        Anatom\u00eda y fisiolog\u00eda<br>\n        Bioqu\u00edmica<br>\n        Microbiolog\u00eda y parasitolog\u00eda\n      <\/td>\n    <\/tr>\n    <tr>\n      <td style=\"border: #1f3bff 0.1px solid; text-align: center;\">19<\/td>\n      <td style=\"border: #1f3bff 0.1px solid;\">Enfermer\u00eda en salud comunitaria<\/td>\n      <td style=\"border: #1f3bff 0.1px solid; font-size: 0.9em;\">\n        Introducci\u00f3n y fundamentos de los cuidados de enfermer\u00eda<br>\n        Salud p\u00fablica<br>\n        Pr\u00e1cticas profesionalizantes\n      <\/td>\n      <td style=\"border: #1f3bff 0.1px solid; font-size: 0.9em;\">\n        Salud p\u00fablica<br>\n        Pr\u00e1cticas profesionalizantes\n      <\/td>\n    <\/tr>\n    <tr>\n      <td style=\"border: #1f3bff 0.1px solid; text-align: center;\">20<\/td>\n      <td style=\"border: #1f3bff 0.1px solid;\">Farmacolog\u00eda II<\/td>\n      <td style=\"border: #1f3bff 0.1px solid; font-size: 0.9em;\">Farmacolog\u00eda I<\/td>\n      <td style=\"border: #1f3bff 0.1px solid; font-size: 0.9em;\">\n        Anatom\u00eda y fisiolog\u00eda<br>\n        Bioqu\u00edmica<br>\n        Farmacolog\u00eda I<br>\n        Microbiolog\u00eda y parasitolog\u00eda\n      <\/td>\n    <\/tr>\n    <tr>\n      <td style=\"border: #1f3bff 0.1px solid; text-align: center;\">21<\/td>\n      <td style=\"border: #1f3bff 0.1px solid;\">Cuidados integrados basados en la evidencia I<\/td>\n      <td style=\"border: #1f3bff 0.1px solid; font-size: 0.9em;\">\n        Introducci\u00f3n y fundamentos de los cuidados de enfermer\u00eda<br>\n        Metodolog\u00eda de la investigaci\u00f3n<br>\n        Pr\u00e1cticas profesionalizantes\n      <\/td>\n      <td style=\"border: #1f3bff 0.1px solid; font-size: 0.9em;\">\n        Introducci\u00f3n y fundamentos de los cuidados de enfermer\u00eda<br>\n        Pr\u00e1cticas profesionalizantes\n      <\/td>\n    <\/tr>\n    <tr>\n      <td style=\"border: #1f3bff 0.1px solid; text-align: center;\">22<\/td>\n      <td style=\"border: #1f3bff 0.1px solid;\">Idioma extranjero: ingl\u00e9s t\u00e9cnico<\/td>\n      <td style=\"border: #1f3bff 0.1px solid; text-align: center;\"><\/td>\n      <td style=\"border: #1f3bff 0.1px solid; text-align: center;\"><\/td>\n    <\/tr>\n    <tr>\n      <td style=\"border: #1f3bff 0.1px solid; text-align: center;\">23<\/td>\n      <td style=\"border: #1f3bff 0.1px solid;\">Pr\u00e1cticas profesionalizantes II<\/td>\n      <td style=\"border: #1f3bff 0.1px solid; font-size: 0.9em;\">\n        Introducci\u00f3n y fundamentos de los cuidados de enfermer\u00eda<br>\n        Pr\u00e1cticas profesionalizantes\n      <\/td>\n      <td style=\"border: #1f3bff 0.1px solid; font-size: 0.9em;\">\n        Introducci\u00f3n y fundamentos de los cuidados de enfermer\u00eda<br>\n        Anatom\u00eda y fisiolog\u00eda<br>\n        Biof\u00edsica<br>\n        Pr\u00e1cticas profesionalizantes\n      <\/td>\n    <\/tr>\n\n    <!-- TERCER A\u00d1O -->\n    <tr>\n      <th style=\"border: #1f3bff 2px solid; background: #4c62ff; text-align: left; padding: 10px; font-weight: bold;\" colspan=\"4\">TERCER A\u00d1O<\/th>\n    <\/tr>\n    <tr>\n      <th style=\"border: #1f3bff 1px solid; text-align: center;\">N\u00b0<\/th>\n      <th style=\"border: #1f3bff 1px solid; text-align: left;\">C\u00e1tedra<\/th>\n      <th style=\"border: #1f3bff 1px solid; text-align: center;\">Regular para cursar<\/th>\n      <th style=\"border: #1f3bff 1px solid; text-align: center;\">Aprobada para rendir<\/th>\n    <\/tr>\n    <tr>\n      <td style=\"border: #1f3bff 0.1px solid; text-align: center;\">24<\/td>\n      <td style=\"border: #1f3bff 0.1px solid;\">Enfermer\u00eda de la madre, ni\u00f1o y adolescente<\/td>\n      <td style=\"border: #1f3bff 0.1px solid; font-size: 0.9em;\">\n        Cuidados de enfermer\u00eda del adulto y del anciano<br>\n        Pr\u00e1cticas profesionalizantes II\n      <\/td>\n      <td style=\"border: #1f3bff 0.1px solid; font-size: 0.9em;\">\n        Cuidados de enfermer\u00eda del adulto y del anciano<br>\n        Aspectos psicosociales y culturales del desarrollo<br>\n        Farmacolog\u00eda II<br>\n        Pr\u00e1cticas profesionalizantes II\n      <\/td>\n    <\/tr>\n    <tr>\n      <td style=\"border: #1f3bff 0.1px solid; text-align: center;\">25<\/td>\n      <td style=\"border: #1f3bff 0.1px solid;\">Administraci\u00f3n y gesti\u00f3n de los recursos en enfermer\u00eda<\/td>\n      <td style=\"border: #1f3bff 0.1px solid; text-align: center;\"><\/td>\n      <td style=\"border: #1f3bff 0.1px solid; font-size: 0.9em;\">\n        Cuidados de enfermer\u00eda del adulto y del anciano<br>\n        Enfermer\u00eda en salud mental y psiquiatr\u00eda<br>\n        Enfermer\u00eda en salud comunitaria<br>\n        Pr\u00e1cticas profesionalizantes II\n      <\/td>\n    <\/tr>\n    <tr>\n      <td style=\"border: #1f3bff 0.1px solid; text-align: center;\">26<\/td>\n      <td style=\"border: #1f3bff 0.1px solid;\">Comunicaci\u00f3n y educaci\u00f3n<\/td>\n      <td style=\"border: #1f3bff 0.1px solid; text-align: center;\"><\/td>\n      <td style=\"border: #1f3bff 0.1px solid; font-size: 0.9em;\">Proceso social aplicado en el contexto de salud<\/td>\n    <\/tr>\n    <tr>\n      <td style=\"border: #1f3bff 0.1px solid; text-align: center;\">27<\/td>\n      <td style=\"border: #1f3bff 0.1px solid;\">Marcos legales<\/td>\n      <td style=\"border: #1f3bff 0.1px solid; text-align: center;\"><\/td>\n      <td style=\"border: #1f3bff 0.1px solid; font-size: 0.9em;\">Bio\u00e9tica y deontolog\u00eda<\/td>\n    <\/tr>\n    <tr>\n      <td style=\"border: #1f3bff 0.1px solid; text-align: center;\">28<\/td>\n      <td style=\"border: #1f3bff 0.1px solid;\">Urgencia y emergencia<\/td>\n      <td style=\"border: #1f3bff 0.1px solid; font-size: 0.9em;\">\n        Primeros auxilios<br>\n        Cuidados de enfermer\u00eda del adulto y del anciano<br>\n        Farmacolog\u00eda II<br>\n        Pr\u00e1cticas profesionalizantes II\n      <\/td>\n      <td style=\"border: #1f3bff 0.1px solid; font-size: 0.9em;\">\n        Primeros auxilios<br>\n        Cuidados de enfermer\u00eda del adulto y del anciano<br>\n        Pr\u00e1cticas profesionalizantes II\n      <\/td>\n    <\/tr>\n    <tr>\n      <td style=\"border: #1f3bff 0.1px solid; text-align: center;\">29<\/td>\n      <td style=\"border: #1f3bff 0.1px solid;\">Inform\u00e1tica<\/td>\n      <td style=\"border: #1f3bff 0.1px solid; text-align: center;\"><\/td>\n      <td style=\"border: #1f3bff 0.1px solid; text-align: center;\"><\/td>\n    <\/tr>\n    <tr>\n      <td style=\"border: #1f3bff 0.1px solid; text-align: center;\">30<\/td>\n      <td style=\"border: #1f3bff 0.1px solid;\">Cuidados integrados basados en la evidencia II<\/td>\n      <td style=\"border: #1f3bff 0.1px solid; font-size: 0.9em;\">Cuidados integrados basados en la evidencia I<\/td>\n      <td style=\"border: #1f3bff 0.1px solid; font-size: 0.9em;\">\n        Cuidados de enfermer\u00eda del adulto y del anciano<br>\n        Cuidados integrados basados en la evidencia I<br>\n        Pr\u00e1cticas profesionalizantes II\n      <\/td>\n    <\/tr>\n    <tr>\n      <td style=\"border: #1f3bff 0.1px solid; text-align: center;\">31<\/td>\n      <td style=\"border: #1f3bff 0.1px solid;\">Idioma extranjero: portugu\u00e9s<\/td>\n      <td style=\"border: #1f3bff 0.1px solid; text-align: center;\"><\/td>\n      <td style=\"border: #1f3bff 0.1px solid; text-align: center;\"><\/td>\n    <\/tr>\n    <tr>\n      <td style=\"border: #1f3bff 0.1px solid; text-align: center;\">32<\/td>\n      <td style=\"border: #1f3bff 0.1px solid;\">Derechos humanos<\/td>\n      <td style=\"border: #1f3bff 0.1px solid; text-align: center;\"><\/td>\n      <td style=\"border: #1f3bff 0.1px solid; font-size: 0.9em;\">Bio\u00e9tica y deontolog\u00eda<\/td>\n    <\/tr>\n    <tr>\n      <td style=\"border: #1f3bff 0.1px solid; text-align: center;\">33<\/td>\n      <td style=\"border: #1f3bff 0.1px solid;\">Seminario de investigaci\u00f3n<\/td>\n      <td style=\"border: #1f3bff 0.1px solid; font-size: 0.9em;\">Metodolog\u00eda de la investigaci\u00f3n II<\/td>\n      <td style=\"border: #1f3bff 0.1px solid; font-size: 0.9em;\">Metodolog\u00eda de la investigaci\u00f3n II<\/td>\n    <\/tr>\n    <tr>\n      <td style=\"border: #1f3bff 0.1px solid; text-align: center;\">34<\/td>\n      <td style=\"border: #1f3bff 0.1px solid;\">Pr\u00e1cticas profesionalizantes III<\/td>\n      <td style=\"border: #1f3bff 0.1px solid; font-size: 0.9em;\">\n        Cuidados de enfermer\u00eda del adulto y del anciano<br>\n        Pr\u00e1cticas profesionalizantes II\n      <\/td>\n      <td style=\"border: #1f3bff 0.1px solid; font-size: 0.9em;\">\n        Cuidados de enfermer\u00eda del adulto y del anciano<br>\n        Pr\u00e1cticas profesionalizantes II\n      <\/td>\n    <\/tr>\n  <\/tbody>\n<\/table>\n","protected":false},"excerpt":{"rendered":"<p>Tecnicatura Superior en Enfermer\u00eda (Resoluci\u00f3n 4388\/17 CGE) PRIMER A\u00d1O N\u00b0 C\u00e1tedra Regular para cursar Aprobada para rendir 1 Introducci\u00f3n y fundamentos de los cuidados de enfermer\u00eda &#8211; &#8211; 2 Anatom\u00eda y fisiolog\u00eda &#8211; &#8211; 3 Bioqu\u00edmica &#8211; &#8211; 4 Biof\u00edsica &#8211; &#8211; 5 Bio\u00e9tica y deontolog\u00eda &#8211; &#8211; 6 Metodolog\u00eda de la investigaci\u00f3n &#8211; &#8211; &#8230; <a title=\"Plan de Estudios Tecnicatura Superior en Enfermer\u00eda\" class=\"read-more\" href=\"https:\/\/ischajari-ers.infd.edu.ar\/sitio\/plan-de-estudios-tecnicatura-superior-en-enfermeria\/\" aria-label=\"More on Plan de Estudios Tecnicatura Superior en Enfermer\u00eda\">[+]<\/a><\/p>\n","protected":false},"author":532,"featured_media":0,"parent":0,"menu_order":0,"comment_status":"closed","ping_status":"closed","template":"","meta":[],"acf":[],"_links":{"self":[{"href":"https:\/\/ischajari-ers.infd.edu.ar\/sitio\/wp-json\/wp\/v2\/pages\/2984"}],"collection":[{"href":"https:\/\/ischajari-ers.infd.edu.ar\/sitio\/wp-json\/wp\/v2\/pages"}],"about":[{"href":"https:\/\/ischajari-ers.infd.edu.ar\/sitio\/wp-json\/wp\/v2\/types\/page"}],"author":[{"embeddable":true,"href":"https:\/\/ischajari-ers.infd.edu.ar\/sitio\/wp-json\/wp\/v2\/users\/532"}],"replies":[{"embeddable":true,"href":"https:\/\/ischajari-ers.infd.edu.ar\/sitio\/wp-json\/wp\/v2\/comments?post=2984"}],"version-history":[{"count":24,"href":"https:\/\/ischajari-ers.infd.edu.ar\/sitio\/wp-json\/wp\/v2\/pages\/2984\/revisions"}],"predecessor-version":[{"id":3085,"href":"https:\/\/ischajari-ers.infd.edu.ar\/sitio\/wp-json\/wp\/v2\/pages\/2984\/revisions\/3085"}],"wp:attachment":[{"href":"https:\/\/ischajari-ers.infd.edu.ar\/sitio\/wp-json\/wp\/v2\/media?parent=2984"}],"curies":[{"name":"wp","href":"https:\/\/api.w.org\/{rel}","templated":true}]}}