{"id":1123,"date":"2019-05-19T20:52:24","date_gmt":"2019-05-19T23:52:24","guid":{"rendered":"https:\/\/ischajari-ers.infd.edu.ar\/sitio\/?page_id=1123"},"modified":"2022-02-10T19:29:46","modified_gmt":"2022-02-10T22:29:46","slug":"datos-institucionales","status":"publish","type":"page","link":"https:\/\/ischajari-ers.infd.edu.ar\/sitio\/datos-institucionales\/","title":{"rendered":"Datos institucionales"},"content":{"rendered":"<div class=\"text-center\"><img decoding=\"async\" class=\"rounded alignleft\" src=\"https:\/\/ischajari-ers.infd.edu.ar\/sitio\/wp-content\/uploads\/2019\/04\/Logo_Sitio_Web_ISFDCh-1.png\" alt=\"Instituto Superior de Formaci\u00f3n Docente Chajar\u00ed\" \/><\/div>\n<div><\/div>\n<div class=\"text-center\">Nuestra Instituci\u00f3n fue creada en el a\u00f1o 2010, mediante Resol. N\u00b0 1065\/10 del Consejo General de Educaci\u00f3n. Desde el inicio del Instituto Superior, recibe alumnos de la ciudad,\u00a0 de\u00a0 las localidades vecinas y del sur de la provincia de Corrientes. Dada su ubicaci\u00f3n geogr\u00e1fica cubre un amplio espectro de necesidades, siendo reconocido por su creciente matr\u00edcula y el personal docente comprometido con la\u00a0 preparaci\u00f3n de sus futuros egresados.<\/div>\n<div><\/div>\n<div><\/div>\n<div><\/div>\n<div><img decoding=\"async\" loading=\"lazy\" class=\"wp-image-2053 aligncenter\" src=\"https:\/\/ischajari-ers.infd.edu.ar\/sitio\/wp-content\/uploads\/2022\/02\/br.png\" alt=\"\" width=\"55\" height=\"7\" srcset=\"https:\/\/ischajari-ers.infd.edu.ar\/sitio\/wp-content\/uploads\/2022\/02\/br.png 809w, https:\/\/ischajari-ers.infd.edu.ar\/sitio\/wp-content\/uploads\/2022\/02\/br-768x99.png 768w\" sizes=\"(max-width: 55px) 100vw, 55px\" \/><\/div>\n<h3>Nombre:<br \/>\n<small class=\"text-muted\">Instituto Superior de Formaci\u00f3n Docente Chajar\u00ed<\/small><\/h3>\n<h3>CUE:<br \/>\n<small class=\"text-muted\">3003129<\/small><\/h3>\n<h3>Horarios de atenci\u00f3n:<br \/>\n<small class=\"text-muted\">Lunes a Viernes 17:00 a 22:00 hs.<\/small><\/h3>\n<h3>Horarios de cursada:<br \/>\n<small class=\"text-muted\">Lunes a Viernes 17:45 a 22:10 hs.<\/small><\/h3>\n<h3>E-mail:<br \/>\n<small class=\"text-muted\">isfdchajarier@gmail.com<\/small><\/h3>\n<h3>Facebook:<br \/>\n<small class=\"text-muted\"><a class=\"btn btn-primary btn-lg active\" role=\"button\" href=\"https:\/\/www.facebook.com\/ISFDChajari\" target=\"_blank\" rel=\"noopener\" aria-pressed=\"true\">@ISFDChajari<\/a><\/small><\/h3>\n<h3><strong>Instagram:\u00a0<\/strong><\/h3>\n<h3><a href=\"http:\/\/instagram.com\/isfd_chajari\/\">https:\/\/www.instagram.com\/isfd_chajari\/?hl=es-la<\/a><\/h3>\n<h3>Direcci\u00f3n:<br \/>\n<small class=\"text-muted\">Alem y 3 de Febrero\u2502Chajar\u00ed\u2502Entre R\u00edos<\/small><\/h3>\n<h3>C\u00f3digo Postal:<br \/>\n<small class=\"text-muted\">3228<\/small><\/h3>\n","protected":false},"excerpt":{"rendered":"<p>Nuestra Instituci\u00f3n fue creada en el a\u00f1o 2010, mediante Resol. N\u00b0 1065\/10 del Consejo General de Educaci\u00f3n. Desde el inicio del Instituto Superior, recibe alumnos de la ciudad,\u00a0 de\u00a0 las localidades vecinas y del sur de la provincia de Corrientes. Dada su ubicaci\u00f3n geogr\u00e1fica cubre un amplio espectro de necesidades, siendo reconocido por su creciente &#8230; <a title=\"Datos institucionales\" class=\"read-more\" href=\"https:\/\/ischajari-ers.infd.edu.ar\/sitio\/datos-institucionales\/\" aria-label=\"More on Datos institucionales\">[+]<\/a><\/p>\n","protected":false},"author":66,"featured_media":0,"parent":0,"menu_order":0,"comment_status":"closed","ping_status":"closed","template":"","meta":[],"acf":[],"_links":{"self":[{"href":"https:\/\/ischajari-ers.infd.edu.ar\/sitio\/wp-json\/wp\/v2\/pages\/1123"}],"collection":[{"href":"https:\/\/ischajari-ers.infd.edu.ar\/sitio\/wp-json\/wp\/v2\/pages"}],"about":[{"href":"https:\/\/ischajari-ers.infd.edu.ar\/sitio\/wp-json\/wp\/v2\/types\/page"}],"author":[{"embeddable":true,"href":"https:\/\/ischajari-ers.infd.edu.ar\/sitio\/wp-json\/wp\/v2\/users\/66"}],"replies":[{"embeddable":true,"href":"https:\/\/ischajari-ers.infd.edu.ar\/sitio\/wp-json\/wp\/v2\/comments?post=1123"}],"version-history":[{"count":15,"href":"https:\/\/ischajari-ers.infd.edu.ar\/sitio\/wp-json\/wp\/v2\/pages\/1123\/revisions"}],"predecessor-version":[{"id":2300,"href":"https:\/\/ischajari-ers.infd.edu.ar\/sitio\/wp-json\/wp\/v2\/pages\/1123\/revisions\/2300"}],"wp:attachment":[{"href":"https:\/\/ischajari-ers.infd.edu.ar\/sitio\/wp-json\/wp\/v2\/media?parent=1123"}],"curies":[{"name":"wp","href":"https:\/\/api.w.org\/{rel}","templated":true}]}}