{"id":1106,"date":"2019-05-19T20:19:30","date_gmt":"2019-05-19T23:19:30","guid":{"rendered":"https:\/\/ischajari-ers.infd.edu.ar\/sitio\/?page_id=1106"},"modified":"2019-08-20T23:40:41","modified_gmt":"2019-08-21T02:40:41","slug":"historia","status":"publish","type":"page","link":"https:\/\/ischajari-ers.infd.edu.ar\/sitio\/historia\/","title":{"rendered":"Historia"},"content":{"rendered":"<blockquote class=\"blockquote\">\n<p class=\"mb-0\">Nuestra Instituci\u00f3n fue creada en el a\u00f1o 2010, mediante Resol. N\u00b0 1065\/10 del Consejo General de Educaci\u00f3n. Desde el inicio del Instituto Superior, recibe alumnos de la ciudad, de las localidades vecinas y del sur de la provincia de Corrientes.<br \/>\nDada su ubicaci\u00f3n geogr\u00e1fica cubre un amplio espectro de necesidades, siendo reconocido por su creciente matr\u00edcula y el personal docente comprometido con la preparaci\u00f3n de sus futuros egresados.<\/p>\n<\/blockquote>\n","protected":false},"excerpt":{"rendered":"<p>Nuestra Instituci\u00f3n fue creada en el a\u00f1o 2010, mediante Resol. N\u00b0 1065\/10 del Consejo General de Educaci\u00f3n. Desde el inicio del Instituto Superior, recibe alumnos de la ciudad, de las localidades vecinas y del sur de la provincia de Corrientes. Dada su ubicaci\u00f3n geogr\u00e1fica cubre un amplio espectro de necesidades, siendo reconocido por su creciente &#8230; <a title=\"Historia\" class=\"read-more\" href=\"https:\/\/ischajari-ers.infd.edu.ar\/sitio\/historia\/\" aria-label=\"More on Historia\">[+]<\/a><\/p>\n","protected":false},"author":66,"featured_media":0,"parent":0,"menu_order":0,"comment_status":"closed","ping_status":"closed","template":"","meta":[],"acf":[],"_links":{"self":[{"href":"https:\/\/ischajari-ers.infd.edu.ar\/sitio\/wp-json\/wp\/v2\/pages\/1106"}],"collection":[{"href":"https:\/\/ischajari-ers.infd.edu.ar\/sitio\/wp-json\/wp\/v2\/pages"}],"about":[{"href":"https:\/\/ischajari-ers.infd.edu.ar\/sitio\/wp-json\/wp\/v2\/types\/page"}],"author":[{"embeddable":true,"href":"https:\/\/ischajari-ers.infd.edu.ar\/sitio\/wp-json\/wp\/v2\/users\/66"}],"replies":[{"embeddable":true,"href":"https:\/\/ischajari-ers.infd.edu.ar\/sitio\/wp-json\/wp\/v2\/comments?post=1106"}],"version-history":[{"count":6,"href":"https:\/\/ischajari-ers.infd.edu.ar\/sitio\/wp-json\/wp\/v2\/pages\/1106\/revisions"}],"predecessor-version":[{"id":1274,"href":"https:\/\/ischajari-ers.infd.edu.ar\/sitio\/wp-json\/wp\/v2\/pages\/1106\/revisions\/1274"}],"wp:attachment":[{"href":"https:\/\/ischajari-ers.infd.edu.ar\/sitio\/wp-json\/wp\/v2\/media?parent=1106"}],"curies":[{"name":"wp","href":"https:\/\/api.w.org\/{rel}","templated":true}]}}